{"id":6,"date":"2022-05-25T00:57:59","date_gmt":"2022-05-25T00:57:59","guid":{"rendered":"http:\/\/southern_smoke.localhost\/?page_id=6"},"modified":"2025-08-22T01:11:06","modified_gmt":"2025-08-22T01:11:06","slug":"home","status":"publish","type":"page","link":"https:\/\/southernsmoke.org\/es\/","title":{"rendered":"Hogar"},"content":{"rendered":"<h1><span class=\"yellow-underline\">Estamos para servir <span class=\"yellow-line\">\n                    <span class=\"text\">t\u00fa<\/span><span class=\"yellow-underline\"><\/span>\n                <\/span>.<\/span><\/h1>\n<h2>Desde agricultores hasta cocineros, meseros y sommeliers, Southern Smoke cuida de los nuestros brindando apoyo financiero a los trabajadores de alimentos y bebidas cuando m\u00e1s lo necesitan.<\/h2>\n<p>Ya sea que se enfrente a dificultades imprevistas o busque atenci\u00f3n de salud mental, nuestros fondos y recursos est\u00e1n aqu\u00ed para ayudar a quienes ponen comida o bebida en la mesa.<\/p>","protected":false},"excerpt":{"rendered":"<p>We\u2019re here to serve . From farmers to fry cooks, servers to sommeliers, Southern Smoke takes care of our own by providing financial support to food and beverage workers when [&hellip;]<\/p>\n","protected":false},"author":1,"featured_media":0,"parent":0,"menu_order":0,"comment_status":"closed","ping_status":"closed","template":"templates\/page-home.php","meta":{"_acf_changed":false,"inline_featured_image":false,"footnotes":""},"class_list":["post-6","page","type-page","status-publish","hentry"],"acf":[],"_links":{"self":[{"href":"https:\/\/southernsmoke.org\/es\/wp-json\/wp\/v2\/pages\/6","targetHints":{"allow":["GET"]}}],"collection":[{"href":"https:\/\/southernsmoke.org\/es\/wp-json\/wp\/v2\/pages"}],"about":[{"href":"https:\/\/southernsmoke.org\/es\/wp-json\/wp\/v2\/types\/page"}],"author":[{"embeddable":true,"href":"https:\/\/southernsmoke.org\/es\/wp-json\/wp\/v2\/users\/1"}],"replies":[{"embeddable":true,"href":"https:\/\/southernsmoke.org\/es\/wp-json\/wp\/v2\/comments?post=6"}],"version-history":[{"count":77,"href":"https:\/\/southernsmoke.org\/es\/wp-json\/wp\/v2\/pages\/6\/revisions"}],"predecessor-version":[{"id":8976,"href":"https:\/\/southernsmoke.org\/es\/wp-json\/wp\/v2\/pages\/6\/revisions\/8976"}],"wp:attachment":[{"href":"https:\/\/southernsmoke.org\/es\/wp-json\/wp\/v2\/media?parent=6"}],"curies":[{"name":"wp","href":"https:\/\/api.w.org\/{rel}","templated":true}]}}