{"id":7346,"date":"2024-07-27T03:32:38","date_gmt":"2024-07-27T03:32:38","guid":{"rendered":"https:\/\/southernsmoke.org\/?page_id=7346"},"modified":"2025-12-01T21:20:27","modified_gmt":"2025-12-01T21:20:27","slug":"menu-of-support","status":"publish","type":"page","link":"https:\/\/southernsmoke.org\/es\/menu-of-support\/","title":{"rendered":"Men\u00fa de Soporte"},"content":{"rendered":"<p>Este men\u00fa de apoyo est\u00e1 dise\u00f1ado para empoderarte e inspirarte a crear conciencia y recaudar fondos para la Fundaci\u00f3n Southern Smoke de maneras creativas y pr\u00e1cticas. A continuaci\u00f3n, se muestran algunos ejemplos de c\u00f3mo otras personas han llevado la antorcha de la misi\u00f3n de la SSF en sus propios restaurantes, bares, cafeter\u00edas y panader\u00edas.<\/p>","protected":false},"excerpt":{"rendered":"<p>This menu of support is designed to empower and inspire you to raise awareness and funds for Southern Smoke Foundation in creative ways that work for you. Below are just [&hellip;]<\/p>\n","protected":false},"author":1,"featured_media":0,"parent":0,"menu_order":0,"comment_status":"closed","ping_status":"closed","template":"templates\/page-menu-support.php","meta":{"_acf_changed":false,"inline_featured_image":false,"footnotes":""},"class_list":["post-7346","page","type-page","status-publish","hentry"],"acf":[],"_links":{"self":[{"href":"https:\/\/southernsmoke.org\/es\/wp-json\/wp\/v2\/pages\/7346","targetHints":{"allow":["GET"]}}],"collection":[{"href":"https:\/\/southernsmoke.org\/es\/wp-json\/wp\/v2\/pages"}],"about":[{"href":"https:\/\/southernsmoke.org\/es\/wp-json\/wp\/v2\/types\/page"}],"author":[{"embeddable":true,"href":"https:\/\/southernsmoke.org\/es\/wp-json\/wp\/v2\/users\/1"}],"replies":[{"embeddable":true,"href":"https:\/\/southernsmoke.org\/es\/wp-json\/wp\/v2\/comments?post=7346"}],"version-history":[{"count":20,"href":"https:\/\/southernsmoke.org\/es\/wp-json\/wp\/v2\/pages\/7346\/revisions"}],"predecessor-version":[{"id":9250,"href":"https:\/\/southernsmoke.org\/es\/wp-json\/wp\/v2\/pages\/7346\/revisions\/9250"}],"wp:attachment":[{"href":"https:\/\/southernsmoke.org\/es\/wp-json\/wp\/v2\/media?parent=7346"}],"curies":[{"name":"wp","href":"https:\/\/api.w.org\/{rel}","templated":true}]}}