{"id":7679,"date":"2024-12-19T21:02:44","date_gmt":"2024-12-19T21:02:44","guid":{"rendered":"https:\/\/southernsmoke.org\/?page_id=7679"},"modified":"2025-08-29T17:56:35","modified_gmt":"2025-08-29T17:56:35","slug":"southern-smoke-decanted-2025","status":"publish","type":"page","link":"https:\/\/southernsmoke.org\/es\/southern-smoke-decanted-2025\/","title":{"rendered":"Humo del Sur Decantado 2025"},"content":{"rendered":"<p class=\"\" data-start=\"72\" data-end=\"308\">Hemos criado a una incre\u00edble cantidad de personas <strong data-start=\"133\" data-end=\"149\">$1,3 millones<\/strong> \u00a1En Southern Smoke Decanted 2025! Comimos, bebimos, nos divertimos al m\u00e1ximo y, lo m\u00e1s importante, representamos a la industria de alimentos y bebidas a lo grande.<\/p>\n<p class=\"\" data-start=\"310\" data-end=\"496\">Marca tu calendario: <strong data-start=\"331\" data-end=\"363\">Southern Smoke Decantado 2026<\/strong> est\u00e1 programado para <strong data-start=\"375\" data-end=\"387\">28 de marzo<\/strong> en nuestra impresionante nueva casa, <strong data-start=\"414\" data-end=\"444\">Lott Hall en el parque Hermann.<\/strong> \u00a1Estamos deseando repetirlo! \u00a1Salud! \ud83e\udd42<\/p>","protected":false},"excerpt":{"rendered":"<p>Recaudamos la incre\u00edble suma de 1,3 millones de d\u00f3lares en Southern Smoke Decanted 2025. Comimos, bebimos, alzamos la voz y, lo m\u00e1s importante, representamos a la industria de alimentos y bebidas [\u2026]<\/p>","protected":false},"author":11,"featured_media":0,"parent":0,"menu_order":0,"comment_status":"closed","ping_status":"closed","template":"templates\/page-annual-event.php","meta":{"_acf_changed":false,"inline_featured_image":false,"footnotes":""},"class_list":["post-7679","page","type-page","status-publish","hentry"],"acf":[],"_links":{"self":[{"href":"https:\/\/southernsmoke.org\/es\/wp-json\/wp\/v2\/pages\/7679","targetHints":{"allow":["GET"]}}],"collection":[{"href":"https:\/\/southernsmoke.org\/es\/wp-json\/wp\/v2\/pages"}],"about":[{"href":"https:\/\/southernsmoke.org\/es\/wp-json\/wp\/v2\/types\/page"}],"author":[{"embeddable":true,"href":"https:\/\/southernsmoke.org\/es\/wp-json\/wp\/v2\/users\/11"}],"replies":[{"embeddable":true,"href":"https:\/\/southernsmoke.org\/es\/wp-json\/wp\/v2\/comments?post=7679"}],"version-history":[{"count":122,"href":"https:\/\/southernsmoke.org\/es\/wp-json\/wp\/v2\/pages\/7679\/revisions"}],"predecessor-version":[{"id":8999,"href":"https:\/\/southernsmoke.org\/es\/wp-json\/wp\/v2\/pages\/7679\/revisions\/8999"}],"wp:attachment":[{"href":"https:\/\/southernsmoke.org\/es\/wp-json\/wp\/v2\/media?parent=7679"}],"curies":[{"name":"wp","href":"https:\/\/api.w.org\/{rel}","templated":true}]}}