{"id":8992,"date":"2025-12-03T21:38:22","date_gmt":"2025-12-03T21:38:22","guid":{"rendered":"https:\/\/southernsmoke.org\/?page_id=8992"},"modified":"2026-03-31T16:03:13","modified_gmt":"2026-03-31T16:03:13","slug":"southern-smoke-decanted-2026","status":"publish","type":"page","link":"https:\/\/southernsmoke.org\/es\/southern-smoke-decanted-2026\/","title":{"rendered":"Southern Smoke Decantado 2026"},"content":{"rendered":"<p>Southern Smoke Decanted reuni\u00f3 a una incre\u00edble comunidad de viticultores, chefs y simpatizantes para una tarde inolvidable de excelente vino, comida incre\u00edble y a\u00fan mayor generosidad, recaudando una incre\u00edble cantidad de dinero. <strong>$1,6 millones<\/strong> Para apoyar a los trabajadores de la industria de alimentos y bebidas en todo el pa\u00eds. Desde las degustaciones informales hasta la animada subasta en vivo, la sala se llen\u00f3 de gente que demostr\u00f3 su apoyo al sector de una manera genuina. Cada copa servida y cada paleta levantada se destinar\u00e1 directamente a la misi\u00f3n de la Fundaci\u00f3n Southern Smoke de proporcionar fondos de ayuda de emergencia y acceso a recursos de salud mental para los trabajadores de la hosteler\u00eda en crisis, un poderoso recordatorio de lo que esta comunidad puede lograr cuando se une.<\/p>","protected":false},"excerpt":{"rendered":"<p>Southern Smoke Decanted brought together an incredible community of vintners, chefs, and supporters for an unforgettable afternoon of great wine, amazing food, and even bigger generosity, raising an incredible $1.6 [&hellip;]<\/p>","protected":false},"author":11,"featured_media":0,"parent":0,"menu_order":0,"comment_status":"closed","ping_status":"closed","template":"templates\/page-annual-event.php","meta":{"_acf_changed":false,"inline_featured_image":false,"footnotes":""},"class_list":["post-8992","page","type-page","status-publish","hentry"],"acf":[],"_links":{"self":[{"href":"https:\/\/southernsmoke.org\/es\/wp-json\/wp\/v2\/pages\/8992","targetHints":{"allow":["GET"]}}],"collection":[{"href":"https:\/\/southernsmoke.org\/es\/wp-json\/wp\/v2\/pages"}],"about":[{"href":"https:\/\/southernsmoke.org\/es\/wp-json\/wp\/v2\/types\/page"}],"author":[{"embeddable":true,"href":"https:\/\/southernsmoke.org\/es\/wp-json\/wp\/v2\/users\/11"}],"replies":[{"embeddable":true,"href":"https:\/\/southernsmoke.org\/es\/wp-json\/wp\/v2\/comments?post=8992"}],"version-history":[{"count":101,"href":"https:\/\/southernsmoke.org\/es\/wp-json\/wp\/v2\/pages\/8992\/revisions"}],"predecessor-version":[{"id":9729,"href":"https:\/\/southernsmoke.org\/es\/wp-json\/wp\/v2\/pages\/8992\/revisions\/9729"}],"wp:attachment":[{"href":"https:\/\/southernsmoke.org\/es\/wp-json\/wp\/v2\/media?parent=8992"}],"curies":[{"name":"wp","href":"https:\/\/api.w.org\/{rel}","templated":true}]}}