{"id":9005,"date":"2025-08-29T18:16:06","date_gmt":"2025-08-29T18:16:06","guid":{"rendered":"https:\/\/southernsmoke.org\/?page_id=9005"},"modified":"2025-09-10T14:36:38","modified_gmt":"2025-09-10T14:36:38","slug":"symposium-2025","status":"publish","type":"page","link":"https:\/\/southernsmoke.org\/es\/symposium-2025\/","title":{"rendered":"Simposio sobre el Humo del Sur 2025"},"content":{"rendered":"<p class=\"\" data-start=\"72\" data-end=\"308\">\u00danase a la Southern Smoke Foundation para un d\u00eda lleno de paneles interactivos que abordar\u00e1n los desaf\u00edos de la industria, explorar\u00e1n estrategias de crecimiento efectivas y discutir\u00e1n formas de mantener su negocio pr\u00f3spero en una econom\u00eda en constante cambio.<\/p>\n<p data-start=\"72\" data-end=\"308\"><a href=\"https:\/\/events.humanitix.com\/southern-smoke-symposium-2025\" class=\"button button-alt\" target=\"_blank\">Comprar entradas<\/a><\/p>","protected":false},"excerpt":{"rendered":"<p>\u00danase a Southern Smoke Foundation para un d\u00eda lleno de paneles interactivos que abordar\u00e1n los desaf\u00edos de la industria, explorar\u00e1n estrategias de crecimiento efectivas y discutir\u00e1n formas de mantener su negocio pr\u00f3spero en un [\u2026]<\/p>","protected":false},"author":1,"featured_media":0,"parent":0,"menu_order":0,"comment_status":"closed","ping_status":"closed","template":"templates\/page-annual-event.php","meta":{"_acf_changed":false,"inline_featured_image":false,"footnotes":""},"class_list":["post-9005","page","type-page","status-publish","hentry"],"acf":[],"_links":{"self":[{"href":"https:\/\/southernsmoke.org\/es\/wp-json\/wp\/v2\/pages\/9005","targetHints":{"allow":["GET"]}}],"collection":[{"href":"https:\/\/southernsmoke.org\/es\/wp-json\/wp\/v2\/pages"}],"about":[{"href":"https:\/\/southernsmoke.org\/es\/wp-json\/wp\/v2\/types\/page"}],"author":[{"embeddable":true,"href":"https:\/\/southernsmoke.org\/es\/wp-json\/wp\/v2\/users\/1"}],"replies":[{"embeddable":true,"href":"https:\/\/southernsmoke.org\/es\/wp-json\/wp\/v2\/comments?post=9005"}],"version-history":[{"count":48,"href":"https:\/\/southernsmoke.org\/es\/wp-json\/wp\/v2\/pages\/9005\/revisions"}],"predecessor-version":[{"id":9144,"href":"https:\/\/southernsmoke.org\/es\/wp-json\/wp\/v2\/pages\/9005\/revisions\/9144"}],"wp:attachment":[{"href":"https:\/\/southernsmoke.org\/es\/wp-json\/wp\/v2\/media?parent=9005"}],"curies":[{"name":"wp","href":"https:\/\/api.w.org\/{rel}","templated":true}]}}