{"id":12,"date":"2022-05-25T01:36:41","date_gmt":"2022-05-25T01:36:41","guid":{"rendered":"http:\/\/southern_smoke.localhost\/?page_id=12"},"modified":"2026-02-25T22:57:41","modified_gmt":"2026-02-25T22:57:41","slug":"how-to-help","status":"publish","type":"page","link":"https:\/\/southernsmoke.org\/vi\/how-to-help\/","title":{"rendered":"L\u00e0m th\u1ebf n\u00e0o \u0111\u1ec3 gi\u00fap \u0111\u1ee1"},"content":{"rendered":"<h1 style=\"text-align: center;\">Nu\u00f4i d\u01b0\u1ee1ng \u0111i\u1ec1u t\u1ed1t.<\/h1>\n<div>\n<div style=\"text-align: center;\"><span class=\"eyebrow\">M\u1ed9t lo\u1ea1t c\u00e1c c\u00e1ch \u0111\u1ec3 chia s\u1ebb s\u1ef1 \u1ee7ng h\u1ed9 c\u1ee7a b\u1ea1n<\/span><\/div>\n<\/div>","protected":false},"excerpt":{"rendered":"<p>Nu\u00f4i d\u01b0\u1ee1ng \u0111i\u1ec1u t\u1ed1t.<\/p>","protected":false},"author":1,"featured_media":0,"parent":0,"menu_order":0,"comment_status":"closed","ping_status":"closed","template":"templates\/page-how-to-help.php","meta":{"_acf_changed":false,"inline_featured_image":false,"footnotes":""},"class_list":["post-12","page","type-page","status-publish","hentry"],"acf":[],"_links":{"self":[{"href":"https:\/\/southernsmoke.org\/vi\/wp-json\/wp\/v2\/pages\/12","targetHints":{"allow":["GET"]}}],"collection":[{"href":"https:\/\/southernsmoke.org\/vi\/wp-json\/wp\/v2\/pages"}],"about":[{"href":"https:\/\/southernsmoke.org\/vi\/wp-json\/wp\/v2\/types\/page"}],"author":[{"embeddable":true,"href":"https:\/\/southernsmoke.org\/vi\/wp-json\/wp\/v2\/users\/1"}],"replies":[{"embeddable":true,"href":"https:\/\/southernsmoke.org\/vi\/wp-json\/wp\/v2\/comments?post=12"}],"version-history":[{"count":36,"href":"https:\/\/southernsmoke.org\/vi\/wp-json\/wp\/v2\/pages\/12\/revisions"}],"predecessor-version":[{"id":9662,"href":"https:\/\/southernsmoke.org\/vi\/wp-json\/wp\/v2\/pages\/12\/revisions\/9662"}],"wp:attachment":[{"href":"https:\/\/southernsmoke.org\/vi\/wp-json\/wp\/v2\/media?parent=12"}],"curies":[{"name":"wp","href":"https:\/\/api.w.org\/{rel}","templated":true}]}}