{"id":233,"date":"2022-06-03T08:32:41","date_gmt":"2022-06-03T08:32:41","guid":{"rendered":"http:\/\/southern-smoke.localhost\/?page_id=233"},"modified":"2025-11-12T19:56:35","modified_gmt":"2025-11-12T19:56:35","slug":"donate","status":"publish","type":"page","link":"https:\/\/southernsmoke.org\/vi\/donate\/","title":{"rendered":"Quy\u00ean t\u1eb7ng"},"content":{"rendered":"<p class=\"eyebrow\">Quy\u00ean t\u1eb7ng<\/p>\n<h1>Th\u1eadm ch\u00ed m\u1ed9t ch\u00fat<br \/>\n\u0111i m\u1ed9t ch\u1eb7ng \u0111\u01b0\u1eddng d\u00e0i.<\/h1>\n<p>&nbsp;<\/p>\n<a href=\"https:\/\/southernsmoke.givingpage.org\/donation-form\" class=\"button button-alt\" target=\"_new\">Th\u1ef1c hi\u1ec7n m\u1ed9t kho\u1ea3n quy\u00ean g\u00f3p<\/a>","protected":false},"excerpt":{"rendered":"<p>Quy\u00ean g\u00f3p Ngay c\u1ea3 m\u1ed9t \u00edt c\u0169ng c\u00f3 t\u00e1c d\u1ee5ng l\u1edbn. &nbsp;<\/p>","protected":false},"author":1,"featured_media":0,"parent":0,"menu_order":0,"comment_status":"closed","ping_status":"closed","template":"templates\/page-emergency-relief-fund.php","meta":{"_acf_changed":false,"inline_featured_image":false,"footnotes":""},"class_list":["post-233","page","type-page","status-publish","hentry"],"acf":[],"_links":{"self":[{"href":"https:\/\/southernsmoke.org\/vi\/wp-json\/wp\/v2\/pages\/233","targetHints":{"allow":["GET"]}}],"collection":[{"href":"https:\/\/southernsmoke.org\/vi\/wp-json\/wp\/v2\/pages"}],"about":[{"href":"https:\/\/southernsmoke.org\/vi\/wp-json\/wp\/v2\/types\/page"}],"author":[{"embeddable":true,"href":"https:\/\/southernsmoke.org\/vi\/wp-json\/wp\/v2\/users\/1"}],"replies":[{"embeddable":true,"href":"https:\/\/southernsmoke.org\/vi\/wp-json\/wp\/v2\/comments?post=233"}],"version-history":[{"count":52,"href":"https:\/\/southernsmoke.org\/vi\/wp-json\/wp\/v2\/pages\/233\/revisions"}],"predecessor-version":[{"id":9194,"href":"https:\/\/southernsmoke.org\/vi\/wp-json\/wp\/v2\/pages\/233\/revisions\/9194"}],"wp:attachment":[{"href":"https:\/\/southernsmoke.org\/vi\/wp-json\/wp\/v2\/media?parent=233"}],"curies":[{"name":"wp","href":"https:\/\/api.w.org\/{rel}","templated":true}]}}