{"id":6,"date":"2022-05-25T00:57:59","date_gmt":"2022-05-25T00:57:59","guid":{"rendered":"http:\/\/southern_smoke.localhost\/?page_id=6"},"modified":"2025-08-22T01:11:06","modified_gmt":"2025-08-22T01:11:06","slug":"home","status":"publish","type":"page","link":"https:\/\/southernsmoke.org\/vi\/","title":{"rendered":"Trang ch\u1ee7"},"content":{"rendered":"<h1><span class=\"yellow-underline\">Ch\u00fang t\u00f4i \u1edf \u0111\u00e2y \u0111\u1ec3 ph\u1ee5c v\u1ee5 <span class=\"yellow-line\">\n                    <span class=\"text\">B\u1ea1n<\/span><span class=\"yellow-underline\"><\/span>\n                <\/span>.<\/span><\/h1>\n<h2>T\u1eeb n\u00f4ng d\u00e2n \u0111\u1ebfn \u0111\u1ea7u b\u1ebfp chi\u00ean, t\u1eeb ng\u01b0\u1eddi ph\u1ee5c v\u1ee5 \u0111\u1ebfn ng\u01b0\u1eddi pha ch\u1ebf r\u01b0\u1ee3u, Southern Smoke ch\u0103m lo cho nh\u00e2n vi\u00ean c\u1ee7a m\u00ecnh b\u1eb1ng c\u00e1ch cung c\u1ea5p h\u1ed7 tr\u1ee3 t\u00e0i ch\u00ednh cho nh\u1eefng ng\u01b0\u1eddi l\u00e0m vi\u1ec7c trong ng\u00e0nh th\u1ef1c ph\u1ea9m v\u00e0 \u0111\u1ed3 u\u1ed1ng khi c\u1ea7n nh\u1ea5t.<\/h2>\n<p>Cho d\u00f9 ph\u1ea3i \u0111\u1ed1i m\u1eb7t v\u1edbi nh\u1eefng kh\u00f3 kh\u0103n kh\u00f4ng l\u01b0\u1eddng tr\u01b0\u1edbc \u0111\u01b0\u1ee3c hay t\u00ecm ki\u1ebfm s\u1ef1 ch\u0103m s\u00f3c s\u1ee9c kh\u1ecfe t\u00e2m th\u1ea7n, ch\u00fang t\u00f4i lu\u00f4n c\u00f3 ngu\u1ed3n qu\u1ef9 v\u00e0 ngu\u1ed3n l\u1ef1c \u0111\u1ec3 gi\u00fap \u0111\u1ee1 nh\u1eefng ng\u01b0\u1eddi ki\u1ebfm th\u1ee9c \u0103n ho\u1eb7c \u0111\u1ed3 u\u1ed1ng.<\/p>","protected":false},"excerpt":{"rendered":"<p>We\u2019re here to serve . From farmers to fry cooks, servers to sommeliers, Southern Smoke takes care of our own by providing financial support to food and beverage workers when [&hellip;]<\/p>\n","protected":false},"author":1,"featured_media":0,"parent":0,"menu_order":0,"comment_status":"closed","ping_status":"closed","template":"templates\/page-home.php","meta":{"_acf_changed":false,"inline_featured_image":false,"footnotes":""},"class_list":["post-6","page","type-page","status-publish","hentry"],"acf":[],"_links":{"self":[{"href":"https:\/\/southernsmoke.org\/vi\/wp-json\/wp\/v2\/pages\/6","targetHints":{"allow":["GET"]}}],"collection":[{"href":"https:\/\/southernsmoke.org\/vi\/wp-json\/wp\/v2\/pages"}],"about":[{"href":"https:\/\/southernsmoke.org\/vi\/wp-json\/wp\/v2\/types\/page"}],"author":[{"embeddable":true,"href":"https:\/\/southernsmoke.org\/vi\/wp-json\/wp\/v2\/users\/1"}],"replies":[{"embeddable":true,"href":"https:\/\/southernsmoke.org\/vi\/wp-json\/wp\/v2\/comments?post=6"}],"version-history":[{"count":77,"href":"https:\/\/southernsmoke.org\/vi\/wp-json\/wp\/v2\/pages\/6\/revisions"}],"predecessor-version":[{"id":8976,"href":"https:\/\/southernsmoke.org\/vi\/wp-json\/wp\/v2\/pages\/6\/revisions\/8976"}],"wp:attachment":[{"href":"https:\/\/southernsmoke.org\/vi\/wp-json\/wp\/v2\/media?parent=6"}],"curies":[{"name":"wp","href":"https:\/\/api.w.org\/{rel}","templated":true}]}}