{"id":7346,"date":"2024-07-27T03:32:38","date_gmt":"2024-07-27T03:32:38","guid":{"rendered":"https:\/\/southernsmoke.org\/?page_id=7346"},"modified":"2025-12-01T21:20:27","modified_gmt":"2025-12-01T21:20:27","slug":"menu-of-support","status":"publish","type":"page","link":"https:\/\/southernsmoke.org\/vi\/menu-of-support\/","title":{"rendered":"Menu h\u1ed7 tr\u1ee3"},"content":{"rendered":"<p>Danh s\u00e1ch h\u1ed7 tr\u1ee3 n\u00e0y \u0111\u01b0\u1ee3c thi\u1ebft k\u1ebf \u0111\u1ec3 trao quy\u1ec1n v\u00e0 truy\u1ec1n c\u1ea3m h\u1ee9ng cho b\u1ea1n n\u00e2ng cao nh\u1eadn th\u1ee9c v\u00e0 g\u00e2y qu\u1ef9 cho Qu\u1ef9 Southern Smoke theo nh\u1eefng c\u00e1ch s\u00e1ng t\u1ea1o v\u00e0 hi\u1ec7u qu\u1ea3. D\u01b0\u1edbi \u0111\u00e2y l\u00e0 m\u1ed9t v\u00e0i v\u00ed d\u1ee5 v\u1ec1 c\u00e1ch nh\u1eefng ng\u01b0\u1eddi kh\u00e1c \u0111\u00e3 ti\u1ebfp n\u1ed1i s\u1ee9 m\u1ec7nh c\u1ee7a SSF t\u1ea1i c\u00e1c nh\u00e0 h\u00e0ng, qu\u00e1n bar, qu\u00e1n c\u00e0 ph\u00ea v\u00e0 ti\u1ec7m b\u00e1nh c\u1ee7a ri\u00eang h\u1ecd.<\/p>","protected":false},"excerpt":{"rendered":"<p>This menu of support is designed to empower and inspire you to raise awareness and funds for Southern Smoke Foundation in creative ways that work for you. Below are just [&hellip;]<\/p>\n","protected":false},"author":1,"featured_media":0,"parent":0,"menu_order":0,"comment_status":"closed","ping_status":"closed","template":"templates\/page-menu-support.php","meta":{"_acf_changed":false,"inline_featured_image":false,"footnotes":""},"class_list":["post-7346","page","type-page","status-publish","hentry"],"acf":[],"_links":{"self":[{"href":"https:\/\/southernsmoke.org\/vi\/wp-json\/wp\/v2\/pages\/7346","targetHints":{"allow":["GET"]}}],"collection":[{"href":"https:\/\/southernsmoke.org\/vi\/wp-json\/wp\/v2\/pages"}],"about":[{"href":"https:\/\/southernsmoke.org\/vi\/wp-json\/wp\/v2\/types\/page"}],"author":[{"embeddable":true,"href":"https:\/\/southernsmoke.org\/vi\/wp-json\/wp\/v2\/users\/1"}],"replies":[{"embeddable":true,"href":"https:\/\/southernsmoke.org\/vi\/wp-json\/wp\/v2\/comments?post=7346"}],"version-history":[{"count":20,"href":"https:\/\/southernsmoke.org\/vi\/wp-json\/wp\/v2\/pages\/7346\/revisions"}],"predecessor-version":[{"id":9250,"href":"https:\/\/southernsmoke.org\/vi\/wp-json\/wp\/v2\/pages\/7346\/revisions\/9250"}],"wp:attachment":[{"href":"https:\/\/southernsmoke.org\/vi\/wp-json\/wp\/v2\/media?parent=7346"}],"curies":[{"name":"wp","href":"https:\/\/api.w.org\/{rel}","templated":true}]}}