{"id":7679,"date":"2024-12-19T21:02:44","date_gmt":"2024-12-19T21:02:44","guid":{"rendered":"https:\/\/southernsmoke.org\/?page_id=7679"},"modified":"2025-08-29T17:56:35","modified_gmt":"2025-08-29T17:56:35","slug":"southern-smoke-decanted-2025","status":"publish","type":"page","link":"https:\/\/southernsmoke.org\/vi\/southern-smoke-decanted-2025\/","title":{"rendered":"Southern Smoke Decanted 2025"},"content":{"rendered":"<p class=\"\" data-start=\"72\" data-end=\"308\">Ch\u00fang t\u00f4i \u0111\u00e3 n\u00e2ng cao m\u1ed9t c\u00e1ch \u0111\u00e1ng kinh ng\u1ea1c <strong data-start=\"133\" data-end=\"149\">$1,3 tri\u1ec7u<\/strong> t\u1ea1i Southern Smoke Decanted 2025! Ch\u00fang t\u00f4i \u0111\u00e3 \u0103n, \u0111\u00e3 u\u1ed1ng, \u0111\u00e3 ch\u00e8o thuy\u1ec1n\u2014v\u00e0 quan tr\u1ecdng nh\u1ea5t l\u00e0 ch\u00fang t\u00f4i \u0111\u00e3 xu\u1ea5t hi\u1ec7n trong ng\u00e0nh th\u1ef1c ph\u1ea9m v\u00e0 \u0111\u1ed3 u\u1ed1ng m\u1ed9t c\u00e1ch ho\u00e0nh tr\u00e1ng.<\/p>\n<p class=\"\" data-start=\"310\" data-end=\"496\">\u0110\u00e1nh d\u1ea5u v\u00e0o l\u1ecbch c\u1ee7a b\u1ea1n: <strong data-start=\"331\" data-end=\"363\">Southern Smoke Decanted 2026<\/strong> \u0111\u01b0\u1ee3c thi\u1ebft l\u1eadp cho <strong data-start=\"375\" data-end=\"387\">Ng\u00e0y 28 th\u00e1ng 3<\/strong> t\u1ea1i ng\u00f4i nh\u00e0 m\u1edbi tuy\u1ec7t \u0111\u1eb9p c\u1ee7a ch\u00fang t\u00f4i, <strong data-start=\"414\" data-end=\"444\">Lott Hall \u1edf C\u00f4ng vi\u00ean Hermann.<\/strong> Ch\u00fang t\u00f4i kh\u00f4ng th\u1ec3 ch\u1edd \u0111\u1ee3i \u0111\u1ec3 l\u00e0m l\u1ea1i t\u1ea5t c\u1ea3! C\u1ea3m \u01a1n! \ud83e\udd42<\/p>","protected":false},"excerpt":{"rendered":"<p>Ch\u00fang t\u00f4i \u0111\u00e3 g\u00e2y qu\u1ef9 \u0111\u01b0\u1ee3c s\u1ed1 ti\u1ec1n \u0111\u00e1ng kinh ng\u1ea1c $1,3 tri\u1ec7u \u0111\u00f4 la t\u1ea1i Southern Smoke Decanted 2025! Ch\u00fang t\u00f4i \u0111\u00e3 \u0103n, \u0111\u00e3 u\u1ed1ng, \u0111\u00e3 ch\u00e8o thuy\u1ec1n\u2014v\u00e0 quan tr\u1ecdng nh\u1ea5t, ch\u00fang t\u00f4i \u0111\u00e3 xu\u1ea5t hi\u1ec7n v\u00ec ng\u00e0nh c\u00f4ng nghi\u1ec7p th\u1ef1c ph\u1ea9m v\u00e0 \u0111\u1ed3 u\u1ed1ng [\u2026]<\/p>","protected":false},"author":11,"featured_media":0,"parent":0,"menu_order":0,"comment_status":"closed","ping_status":"closed","template":"templates\/page-annual-event.php","meta":{"_acf_changed":false,"inline_featured_image":false,"footnotes":""},"class_list":["post-7679","page","type-page","status-publish","hentry"],"acf":[],"_links":{"self":[{"href":"https:\/\/southernsmoke.org\/vi\/wp-json\/wp\/v2\/pages\/7679","targetHints":{"allow":["GET"]}}],"collection":[{"href":"https:\/\/southernsmoke.org\/vi\/wp-json\/wp\/v2\/pages"}],"about":[{"href":"https:\/\/southernsmoke.org\/vi\/wp-json\/wp\/v2\/types\/page"}],"author":[{"embeddable":true,"href":"https:\/\/southernsmoke.org\/vi\/wp-json\/wp\/v2\/users\/11"}],"replies":[{"embeddable":true,"href":"https:\/\/southernsmoke.org\/vi\/wp-json\/wp\/v2\/comments?post=7679"}],"version-history":[{"count":122,"href":"https:\/\/southernsmoke.org\/vi\/wp-json\/wp\/v2\/pages\/7679\/revisions"}],"predecessor-version":[{"id":8999,"href":"https:\/\/southernsmoke.org\/vi\/wp-json\/wp\/v2\/pages\/7679\/revisions\/8999"}],"wp:attachment":[{"href":"https:\/\/southernsmoke.org\/vi\/wp-json\/wp\/v2\/media?parent=7679"}],"curies":[{"name":"wp","href":"https:\/\/api.w.org\/{rel}","templated":true}]}}