{"id":8992,"date":"2025-12-03T21:38:22","date_gmt":"2025-12-03T21:38:22","guid":{"rendered":"https:\/\/southernsmoke.org\/?page_id=8992"},"modified":"2026-03-31T16:03:13","modified_gmt":"2026-03-31T16:03:13","slug":"southern-smoke-decanted-2026","status":"publish","type":"page","link":"https:\/\/southernsmoke.org\/vi\/southern-smoke-decanted-2026\/","title":{"rendered":"Southern Smoke Decanted 2026"},"content":{"rendered":"<p>S\u1ef1 ki\u1ec7n Southern Smoke Decanted \u0111\u00e3 quy t\u1ee5 m\u1ed9t c\u1ed9ng \u0111\u1ed3ng tuy\u1ec7t v\u1eddi g\u1ed3m c\u00e1c nh\u00e0 s\u1ea3n xu\u1ea5t r\u01b0\u1ee3u vang, \u0111\u1ea7u b\u1ebfp v\u00e0 nh\u1eefng ng\u01b0\u1eddi \u1ee7ng h\u1ed9 cho m\u1ed9t bu\u1ed5i chi\u1ec1u kh\u00f3 qu\u00ean v\u1edbi r\u01b0\u1ee3u vang h\u1ea3o h\u1ea1ng, m\u00f3n \u0103n tuy\u1ec7t v\u1eddi v\u00e0 l\u00f2ng h\u00e0o ph\u00f3ng l\u1edbn lao, quy\u00ean g\u00f3p \u0111\u01b0\u1ee3c m\u1ed9t s\u1ed1 ti\u1ec1n \u0111\u00e1ng kinh ng\u1ea1c. <strong>$1,6 tri\u1ec7u<\/strong> Nh\u1eb1m h\u1ed7 tr\u1ee3 ng\u01b0\u1eddi lao \u0111\u1ed9ng trong ng\u00e0nh th\u1ef1c ph\u1ea9m v\u00e0 \u0111\u1ed3 u\u1ed1ng tr\u00ean to\u00e0n qu\u1ed1c. T\u1eeb c\u00e1c bu\u1ed5i n\u1ebfm th\u1eed l\u01b0u \u0111\u1ed9ng \u0111\u1ebfn phi\u00ean \u0111\u1ea5u gi\u00e1 tr\u1ef1c ti\u1ebfp \u0111\u1ea7y n\u0103ng l\u01b0\u1ee3ng, c\u0103n ph\u00f2ng tr\u00e0n ng\u1eadp ng\u01b0\u1eddi tham gia, th\u1ec3 hi\u1ec7n s\u1ef1 \u1ee7ng h\u1ed9 th\u1ef1c s\u1ef1 d\u00e0nh cho ng\u00e0nh n\u00e0y. M\u1ed7i ly r\u01b0\u1ee3u \u0111\u01b0\u1ee3c r\u00f3t v\u00e0 m\u1ed7i t\u1ea5m b\u1ea3ng \u0111\u01b0\u1ee3c gi\u01a1 l\u00ean s\u1ebd \u0111\u01b0\u1ee3c \u0111\u00f3ng g\u00f3p tr\u1ef1c ti\u1ebfp v\u00e0o s\u1ee9 m\u1ec7nh c\u1ee7a Southern Smoke Foundation, \u0111\u00f3 l\u00e0 cung c\u1ea5p qu\u1ef9 c\u1ee9u tr\u1ee3 kh\u1ea9n c\u1ea5p v\u00e0 ti\u1ebfp c\u1eadn c\u00e1c ngu\u1ed3n l\u1ef1c ch\u0103m s\u00f3c s\u1ee9c kh\u1ecfe t\u00e2m th\u1ea7n cho ng\u01b0\u1eddi lao \u0111\u1ed9ng trong ng\u00e0nh kh\u00e1ch s\u1ea1n \u0111ang g\u1eb7p kh\u1ee7ng ho\u1ea3ng, m\u1ed9t l\u1eddi nh\u1eafc nh\u1edf m\u1ea1nh m\u1ebd v\u1ec1 nh\u1eefng g\u00ec c\u1ed9ng \u0111\u1ed3ng n\u00e0y c\u00f3 th\u1ec3 l\u00e0m \u0111\u01b0\u1ee3c khi c\u00f9ng nhau \u0111o\u00e0n k\u1ebft.<\/p>","protected":false},"excerpt":{"rendered":"<p>Southern Smoke Decanted brought together an incredible community of vintners, chefs, and supporters for an unforgettable afternoon of great wine, amazing food, and even bigger generosity, raising an incredible $1.6 [&hellip;]<\/p>","protected":false},"author":11,"featured_media":0,"parent":0,"menu_order":0,"comment_status":"closed","ping_status":"closed","template":"templates\/page-annual-event.php","meta":{"_acf_changed":false,"inline_featured_image":false,"footnotes":""},"class_list":["post-8992","page","type-page","status-publish","hentry"],"acf":[],"_links":{"self":[{"href":"https:\/\/southernsmoke.org\/vi\/wp-json\/wp\/v2\/pages\/8992","targetHints":{"allow":["GET"]}}],"collection":[{"href":"https:\/\/southernsmoke.org\/vi\/wp-json\/wp\/v2\/pages"}],"about":[{"href":"https:\/\/southernsmoke.org\/vi\/wp-json\/wp\/v2\/types\/page"}],"author":[{"embeddable":true,"href":"https:\/\/southernsmoke.org\/vi\/wp-json\/wp\/v2\/users\/11"}],"replies":[{"embeddable":true,"href":"https:\/\/southernsmoke.org\/vi\/wp-json\/wp\/v2\/comments?post=8992"}],"version-history":[{"count":101,"href":"https:\/\/southernsmoke.org\/vi\/wp-json\/wp\/v2\/pages\/8992\/revisions"}],"predecessor-version":[{"id":9729,"href":"https:\/\/southernsmoke.org\/vi\/wp-json\/wp\/v2\/pages\/8992\/revisions\/9729"}],"wp:attachment":[{"href":"https:\/\/southernsmoke.org\/vi\/wp-json\/wp\/v2\/media?parent=8992"}],"curies":[{"name":"wp","href":"https:\/\/api.w.org\/{rel}","templated":true}]}}