{"id":9005,"date":"2025-08-29T18:16:06","date_gmt":"2025-08-29T18:16:06","guid":{"rendered":"https:\/\/southernsmoke.org\/?page_id=9005"},"modified":"2025-09-10T14:36:38","modified_gmt":"2025-09-10T14:36:38","slug":"symposium-2025","status":"publish","type":"page","link":"https:\/\/southernsmoke.org\/vi\/symposium-2025\/","title":{"rendered":"H\u1ed9i ngh\u1ecb chuy\u00ean \u0111\u1ec1 v\u1ec1 Kh\u00f3i ph\u00eda Nam 2025"},"content":{"rendered":"<p class=\"\" data-start=\"72\" data-end=\"308\">Tham gia Southern Smoke Foundation trong m\u1ed9t ng\u00e0y v\u1edbi c\u00e1c bu\u1ed5i th\u1ea3o lu\u1eadn t\u01b0\u01a1ng t\u00e1c nh\u1eb1m gi\u1ea3i quy\u1ebft nh\u1eefng th\u00e1ch th\u1ee9c c\u1ee7a ng\u00e0nh, kh\u00e1m ph\u00e1 c\u00e1c chi\u1ebfn l\u01b0\u1ee3c t\u0103ng tr\u01b0\u1edfng hi\u1ec7u qu\u1ea3 v\u00e0 th\u1ea3o lu\u1eadn v\u1ec1 c\u00e1c c\u00e1ch gi\u00fap doanh nghi\u1ec7p c\u1ee7a b\u1ea1n ph\u00e1t tri\u1ec3n trong n\u1ec1n kinh t\u1ebf lu\u00f4n thay \u0111\u1ed5i.<\/p>\n<p data-start=\"72\" data-end=\"308\"><a href=\"https:\/\/events.humanitix.com\/southern-smoke-symposium-2025\" class=\"button button-alt\" target=\"_blank\">Mua v\u00e9<\/a><\/p>","protected":false},"excerpt":{"rendered":"<p>Tham gia c\u00f9ng Southern Smoke Foundation trong m\u1ed9t ng\u00e0y v\u1edbi c\u00e1c bu\u1ed5i th\u1ea3o lu\u1eadn t\u01b0\u01a1ng t\u00e1c nh\u1eb1m gi\u1ea3i quy\u1ebft nh\u1eefng th\u00e1ch th\u1ee9c c\u1ee7a ng\u00e0nh, kh\u00e1m ph\u00e1 c\u00e1c chi\u1ebfn l\u01b0\u1ee3c t\u0103ng tr\u01b0\u1edfng hi\u1ec7u qu\u1ea3 v\u00e0 th\u1ea3o lu\u1eadn v\u1ec1 c\u00e1c c\u00e1ch gi\u00fap doanh nghi\u1ec7p c\u1ee7a b\u1ea1n ph\u00e1t tri\u1ec3n m\u1ea1nh m\u1ebd trong [\u2026]<\/p>","protected":false},"author":1,"featured_media":0,"parent":0,"menu_order":0,"comment_status":"closed","ping_status":"closed","template":"templates\/page-annual-event.php","meta":{"_acf_changed":false,"inline_featured_image":false,"footnotes":""},"class_list":["post-9005","page","type-page","status-publish","hentry"],"acf":[],"_links":{"self":[{"href":"https:\/\/southernsmoke.org\/vi\/wp-json\/wp\/v2\/pages\/9005","targetHints":{"allow":["GET"]}}],"collection":[{"href":"https:\/\/southernsmoke.org\/vi\/wp-json\/wp\/v2\/pages"}],"about":[{"href":"https:\/\/southernsmoke.org\/vi\/wp-json\/wp\/v2\/types\/page"}],"author":[{"embeddable":true,"href":"https:\/\/southernsmoke.org\/vi\/wp-json\/wp\/v2\/users\/1"}],"replies":[{"embeddable":true,"href":"https:\/\/southernsmoke.org\/vi\/wp-json\/wp\/v2\/comments?post=9005"}],"version-history":[{"count":48,"href":"https:\/\/southernsmoke.org\/vi\/wp-json\/wp\/v2\/pages\/9005\/revisions"}],"predecessor-version":[{"id":9144,"href":"https:\/\/southernsmoke.org\/vi\/wp-json\/wp\/v2\/pages\/9005\/revisions\/9144"}],"wp:attachment":[{"href":"https:\/\/southernsmoke.org\/vi\/wp-json\/wp\/v2\/media?parent=9005"}],"curies":[{"name":"wp","href":"https:\/\/api.w.org\/{rel}","templated":true}]}}